{"id":3458,"date":"2017-06-22T04:02:54","date_gmt":"2017-06-22T01:02:54","guid":{"rendered":"http:\/\/goodlike.org\/index.php\/soglashenie-na-obrabotku-personalnyh-dannyh"},"modified":"2023-05-17T02:45:12","modified_gmt":"2023-05-16T23:45:12","slug":"soglashenie-na-obrabotku-personalnyh-dannyh","status":"publish","type":"page","link":"https:\/\/goodlike.org\/index.php\/soglashenie-na-obrabotku-personalnyh-dannyh","title":{"rendered":"\u041f\u043e\u043b\u044c\u0437\u043e\u0432\u0430\u0442\u0435\u043b\u044c\u0441\u043a\u043e\u0435 \u0441\u043e\u0433\u043b\u0430\u0448\u0435\u043d\u0438\u0435"},"content":{"rendered":"<span style=\"display:none;\" class=\"fpaping\"><\/span><p>Als ein Ghostwriter (Ewan McGregor) die Fertigstellung der Memoiren eines besch\u00e4mten ehemaligen britischen Premierministers \u00fcbernimmt, deckt er Geheimnisse auf, die sein eigenes Leben gef\u00e4hrden. Dieser strahlende <a href=\"https:\/\/akadeule.de\/\">ghostwriter berlin<\/a> Thriller von Roman Polanski basiert auf Robert Harris &#8216;Roman und profitiert von Alexandre Desplats Partitur.<\/p>\n<ul type=\"disc\">\n<li><strong>\u041f\u043e\u0441\u0435\u0442\u0438\u0442\u0435\u043b\u044c <\/strong>\u2013 \u043b\u0438\u0446\u043e, \u043f\u0440\u0438\u0448\u0435\u0434\u0448\u0435\u0435 \u043d\u0430 \u0441\u0430\u0439\u0442 goodlike.org.<\/li>\n<li><strong>\u0421\u0430\u0439\u0442<\/strong>&nbsp;\u2013&nbsp; goodlike.org <\/li>\n<\/ul>\n<p>\u041f\u043e\u0441\u0435\u0449\u0430\u044f \u0421\u0430\u0439\u0442 \u043f\u043e\u043b\u044c\u0437\u043e\u0432\u0430\u0442\u0435\u043b\u044c \u0441\u043e\u0433\u043b\u0430\u0448\u0430\u0435\u0442\u0441\u044f \u0441  \u0443\u0441\u043b\u043e\u0432\u0438\u044f\u043c\u0438 \u043e\u0442\u0440\u0430\u0436\u0451\u043d\u043d\u044b\u043c\u0438 \u0432 \u044d\u0442\u043e\u043c \u0434\u043e\u043a\u0443\u043c\u0435\u043d\u0442\u0435.<\/p>\n<h2>\u0421\u043e\u0433\u043b\u0430\u0448\u0435\u043d\u0438\u0435 \u043d\u0430 \u043e\u0431\u0440\u0430\u0431\u043e\u0442\u043a\u0443 \u043f\u0435\u0440\u0441\u043e\u043d\u0430\u043b\u044c\u043d\u044b\u0445 \u0434\u0430\u043d\u043d\u044b\u0445<\/h2>\n<ol >\n<li>\u041f\u0435\u0440\u0441\u043e\u043d\u0430\u043b\u044c\u043d\u044b\u0435       \u0434\u0430\u043d\u043d\u044b\u0435 \u041f\u043e\u0441\u0435\u0442\u0438\u0442\u0435\u043b\u044f \u043e\u0431\u0440\u0430\u0431\u0430\u0442\u044b\u0432\u0430\u0435\u0442\u0441\u044f \u0432 \u0441\u043e\u043e\u0442\u0432\u0435\u0442\u0441\u0442\u0432\u0438\u0438 \u0441 \u0424\u0417 \u00ab\u041e       \u043f\u0435\u0440\u0441\u043e\u043d\u0430\u043b\u044c\u043d\u044b\u0445 \u0434\u0430\u043d\u043d\u044b\u0445\u00bb \u2116 152-\u0424\u0417.<\/li>\n<li>\u041f\u0440\u0438       \u043f\u043e\u043b\u044c\u0437\u043e\u0432\u0430\u043d\u0438\u0438 \u0421\u0430\u0439\u0442\u043e\u043c \u041f\u043e\u043b\u044c\u0437\u043e\u0432\u0430\u0442\u0435\u043b\u044c \u043f\u0440\u0435\u0434\u043e\u0441\u0442\u0430\u0432\u043b\u044f\u0435\u0442 \u0441\u043b\u0435\u0434\u0443\u044e\u0449\u0443\u044e \u0438\u043d\u0444\u043e\u0440\u043c\u0430\u0446\u0438\u044e:       \u0424\u0430\u043c\u0438\u043b\u0438\u044f, \u0418\u043c\u044f, \u0430\u0434\u0440\u0435\u0441 \u044d\u043b\u0435\u043a\u0442\u0440\u043e\u043d\u043d\u043e\u0439 \u043f\u043e\u0447\u0442\u044b, cookie,       ip.<\/li>\n<li>\u041f\u0440\u0435\u0434\u043e\u0441\u0442\u0430\u0432\u043b\u044f\u044f       \u0441\u0432\u043e\u0438 \u043f\u0435\u0440\u0441\u043e\u043d\u0430\u043b\u044c\u043d\u044b\u0435 \u0434\u0430\u043d\u043d\u044b\u0435 \u0421\u0430\u0439\u0442\u0443, \u041f\u043e\u0441\u0435\u0442\u0438\u0442\u0435\u043b\u044c \u0441\u043e\u0433\u043b\u0430\u0448\u0430\u0435\u0442\u0441\u044f \u043d\u0430 \u0438\u0445 \u043e\u0431\u0440\u0430\u0431\u043e\u0442\u043a\u0443 \u0421\u0430\u0439\u0442\u043e\u043c,       \u0432 \u0442\u043e\u043c \u0447\u0438\u0441\u043b\u0435 \u0432 \u0446\u0435\u043b\u044f\u0445 \u0432\u044b\u043f\u043e\u043b\u043d\u0435\u043d\u0438\u044f \u0421\u0430\u0439\u0442\u043e\u043c \u043e\u0431\u044f\u0437\u0430\u0442\u0435\u043b\u044c\u0441\u0442\u0432 \u043f\u0435\u0440\u0435\u0434 \u041f\u043e\u0441\u0435\u0442\u0438\u0442\u0435\u043b\u0435\u043c \u0432 \u0440\u0430\u043c\u043a\u0430\u0445       \u043d\u0430\u0441\u0442\u043e\u044f\u0449\u0435\u0439 \u043f\u0443\u0431\u043b\u0438\u0447\u043d\u043e\u0439 \u043e\u0444\u0435\u0440\u0442\u044b, \u043f\u0440\u043e\u0434\u0432\u0438\u0436\u0435\u043d\u0438\u044f \u0421\u0430\u0439\u0442\u043e\u043c \u0442\u043e\u0432\u0430\u0440\u043e\u0432 \u0438 \u0443\u0441\u043b\u0443\u0433, \u043f\u0440\u043e\u0432\u0435\u0434\u0435\u043d\u0438\u044f       \u044d\u043b\u0435\u043a\u0442\u0440\u043e\u043d\u043d\u044b\u0445 \u0438 \u0434\u0440\u0443\u0433\u0438\u0445 \u043e\u043f\u0440\u043e\u0441\u043e\u0432, \u043a\u043e\u043d\u0442\u0440\u043e\u043b\u044f \u0440\u0435\u0437\u0443\u043b\u044c\u0442\u0430\u0442\u043e\u0432 \u043c\u0430\u0440\u043a\u0435\u0442\u0438\u043d\u0433\u043e\u0432\u044b\u0445 \u0430\u043a\u0446\u0438\u0439 \u0438 \u043a\u043b\u0438\u0435\u043d\u0442\u0441\u043a\u043e\u0439       \u043f\u043e\u0434\u0434\u0435\u0440\u0436\u043a\u0438.<\/li>\n<li>\u041f\u043e\u0434       \u043e\u0431\u0440\u0430\u0431\u043e\u0442\u043a\u043e\u0439 \u043f\u0435\u0440\u0441\u043e\u043d\u0430\u043b\u044c\u043d\u044b\u0445 \u0434\u0430\u043d\u043d\u044b\u0445 \u043f\u043e\u043d\u0438\u043c\u0430\u0435\u0442\u0441\u044f \u043b\u044e\u0431\u043e\u0435 \u0434\u0435\u0439\u0441\u0442\u0432\u0438\u0435 (\u043e\u043f\u0435\u0440\u0430\u0446\u0438\u044f) \u0438\u043b\u0438       \u0441\u043e\u0432\u043e\u043a\u0443\u043f\u043d\u043e\u0441\u0442\u044c \u0434\u0435\u0439\u0441\u0442\u0432\u0438\u0439 (\u043e\u043f\u0435\u0440\u0430\u0446\u0438\u0439), \u0441\u043e\u0432\u0435\u0440\u0448\u0430\u0435\u043c\u044b\u0445 \u0441 \u0438\u0441\u043f\u043e\u043b\u044c\u0437\u043e\u0432\u0430\u043d\u0438\u0435\u043c \u0441\u0440\u0435\u0434\u0441\u0442\u0432       \u0430\u0432\u0442\u043e\u043c\u0430\u0442\u0438\u0437\u0430\u0446\u0438\u0438 \u0438\u043b\u0438 \u0431\u0435\u0437 \u0438\u0441\u043f\u043e\u043b\u044c\u0437\u043e\u0432\u0430\u043d\u0438\u044f \u0442\u0430\u043a\u0438\u0445 \u0441\u0440\u0435\u0434\u0441\u0442\u0432 \u0441 \u043f\u0435\u0440\u0441\u043e\u043d\u0430\u043b\u044c\u043d\u044b\u043c\u0438 \u0434\u0430\u043d\u043d\u044b\u043c\u0438,       \u0432\u043a\u043b\u044e\u0447\u0430\u044f \u0441\u0431\u043e\u0440, \u0437\u0430\u043f\u0438\u0441\u044c, \u0441\u0438\u0441\u0442\u0435\u043c\u0430\u0442\u0438\u0437\u0430\u0446\u0438\u044e, \u043d\u0430\u043a\u043e\u043f\u043b\u0435\u043d\u0438\u0435, \u0445\u0440\u0430\u043d\u0435\u043d\u0438\u0435, \u0443\u0442\u043e\u0447\u043d\u0435\u043d\u0438\u0435       (\u043e\u0431\u043d\u043e\u0432\u043b\u0435\u043d\u0438\u0435, \u0438\u0437\u043c\u0435\u043d\u0435\u043d\u0438\u0435) \u0438\u0437\u0432\u043b\u0435\u0447\u0435\u043d\u0438\u0435, \u0438\u0441\u043f\u043e\u043b\u044c\u0437\u043e\u0432\u0430\u043d\u0438\u0435, \u043f\u0435\u0440\u0435\u0434\u0430\u0447\u0443 (\u0432 \u0442\u043e\u043c \u0447\u0438\u0441\u043b\u0435       \u043f\u0435\u0440\u0435\u0434\u0430\u0447\u0443 \u0442\u0440\u0435\u0442\u044c\u0438\u043c \u043b\u0438\u0446\u0430\u043c, \u043d\u0435 \u0438\u0441\u043a\u043b\u044e\u0447\u0430\u044f \u0442\u0440\u0430\u043d\u0441\u0433\u0440\u0430\u043d\u0438\u0447\u043d\u0443\u044e \u043f\u0435\u0440\u0435\u0434\u0430\u0447\u0443, \u0435\u0441\u043b\u0438       \u043d\u0435\u043e\u0431\u0445\u043e\u0434\u0438\u043c\u043e\u0441\u0442\u044c \u0432 \u043d\u0435\u0439 \u0432\u043e\u0437\u043d\u0438\u043a\u043b\u0430 \u0432 \u0445\u043e\u0434\u0435 \u0438\u0441\u043f\u043e\u043b\u043d\u0435\u043d\u0438\u044f \u043e\u0431\u044f\u0437\u0430\u0442\u0435\u043b\u044c\u0441\u0442\u0432),       \u043e\u0431\u0435\u0437\u043b\u0438\u0447\u0438\u0432\u0430\u043d\u0438\u0435, \u0431\u043b\u043e\u043a\u0438\u0440\u043e\u0432\u0430\u043d\u0438\u0435, \u0443\u0434\u0430\u043b\u0435\u043d\u0438\u0435, \u0443\u043d\u0438\u0447\u0442\u043e\u0436\u0435\u043d\u0438\u0435 \u043f\u0435\u0440\u0441\u043e\u043d\u0430\u043b\u044c\u043d\u044b\u0445 \u0434\u0430\u043d\u043d\u044b\u0445.<\/li>\n<li>\u0423\u043a\u0430\u0437\u0430\u043d\u043d\u043e\u0435       \u0441\u043e\u0433\u043b\u0430\u0441\u0438\u0435 \u0434\u0435\u0439\u0441\u0442\u0432\u0443\u0435\u0442 \u0431\u0435\u0441\u0441\u0440\u043e\u0447\u043d\u043e \u0441 \u043c\u043e\u043c\u0435\u043d\u0442\u0430 \u043f\u0440\u0435\u0434\u043e\u0441\u0442\u0430\u0432\u043b\u0435\u043d\u0438\u044f \u0434\u0430\u043d\u043d\u044b\u0445 \u0438 \u043c\u043e\u0436\u0435\u0442 \u0431\u044b\u0442\u044c       \u043e\u0442\u043e\u0437\u0432\u0430\u043d\u043e \u041f\u043e\u0441\u0435\u0442\u0438\u0442\u0435\u043b\u0435\u043c \u043f\u0443\u0442\u0435\u043c \u043f\u043e\u0434\u0430\u0447\u0438 \u0437\u0430\u044f\u0432\u043b\u0435\u043d\u0438\u044f \u0430\u0434\u043c\u0438\u043d\u0438\u0441\u0442\u0440\u0430\u0446\u0438\u0438 \u0421\u0430\u0439\u0442\u0430 \u0441       \u0443\u043a\u0430\u0437\u0430\u043d\u0438\u0435\u043c \u0434\u0430\u043d\u043d\u044b\u0445, \u043e\u043f\u0440\u0435\u0434\u0435\u043b\u0435\u043d\u043d\u044b\u0445 \u0441\u0442. 14 \u0417\u0430\u043a\u043e\u043d\u0430 \u00ab\u041e \u043f\u0435\u0440\u0441\u043e\u043d\u0430\u043b\u044c\u043d\u044b\u0445 \u0434\u0430\u043d\u043d\u044b\u0445\u00bb.<\/li>\n<li>\u041e\u0442\u0437\u044b\u0432       \u0441\u043e\u0433\u043b\u0430\u0441\u0438\u044f \u043d\u0430 \u043e\u0431\u0440\u0430\u0431\u043e\u0442\u043a\u0443 \u043f\u0435\u0440\u0441\u043e\u043d\u0430\u043b\u044c\u043d\u044b\u0445 \u0434\u0430\u043d\u043d\u044b\u0445 \u043c\u043e\u0436\u0435\u0442 \u0431\u044b\u0442\u044c \u043e\u0441\u0443\u0449\u0435\u0441\u0442\u0432\u043b\u0435\u043d \u043f\u0443\u0442\u0435\u043c       \u043d\u0430\u043f\u0440\u0430\u0432\u043b\u0435\u043d\u0438\u044f \u041f\u043e\u0441\u0435\u0442\u0438\u0442\u0435\u043b\u0435\u043c \u0441\u043e\u043e\u0442\u0432\u0435\u0442\u0441\u0442\u0432\u0443\u044e\u0449\u0435\u0433\u043e \u0440\u0430\u0441\u043f\u043e\u0440\u044f\u0436\u0435\u043d\u0438\u044f \u0432 \u043f\u0440\u043e\u0441\u0442\u043e\u0439 \u043f\u0438\u0441\u044c\u043c\u0435\u043d\u043d\u043e\u0439       \u0444\u043e\u0440\u043c\u0435 \u043d\u0430 \u0430\u0434\u0440\u0435\u0441 \u044d\u043b\u0435\u043a\u0442\u0440\u043e\u043d\u043d\u043e\u0439 \u043f\u043e\u0447\u0442\u044b (e-mail) sta1art@ya.ru.<\/li>\n<li>\u0421\u0430\u0439\u0442       \u043d\u0435 \u043d\u0435\u0441\u0435\u0442 \u043e\u0442\u0432\u0435\u0442\u0441\u0442\u0432\u0435\u043d\u043d\u043e\u0441\u0442\u0438 \u0437\u0430 \u0438\u0441\u043f\u043e\u043b\u044c\u0437\u043e\u0432\u0430\u043d\u0438\u0435 (\u043a\u0430\u043a \u043f\u0440\u0430\u0432\u043e\u043c\u0435\u0440\u043d\u043e\u0435, \u0442\u0430\u043a \u0438       \u043d\u0435\u043f\u0440\u0430\u0432\u043e\u043c\u0435\u0440\u043d\u043e\u0435) \u0442\u0440\u0435\u0442\u044c\u0438\u043c\u0438 \u043b\u0438\u0446\u0430\u043c\u0438 \u0438\u043d\u0444\u043e\u0440\u043c\u0430\u0446\u0438\u0438, \u0440\u0430\u0437\u043c\u0435\u0449\u0435\u043d\u043d\u043e\u0439 \u041f\u043e\u0441\u0435\u0442\u0438\u0442\u0435\u043b\u0435\u043c \u043d\u0430 \u0421\u0430\u0439\u0442\u0435,       \u0432\u043a\u043b\u044e\u0447\u0430\u044f \u0435\u0451 \u0432\u043e\u0441\u043f\u0440\u043e\u0438\u0437\u0432\u0435\u0434\u0435\u043d\u0438\u0435 \u0438 \u0440\u0430\u0441\u043f\u0440\u043e\u0441\u0442\u0440\u0430\u043d\u0435\u043d\u0438\u0435, \u043e\u0441\u0443\u0449\u0435\u0441\u0442\u0432\u043b\u0435\u043d\u043d\u044b\u0435 \u0432\u0441\u0435\u043c\u0438       \u0432\u043e\u0437\u043c\u043e\u0436\u043d\u044b\u043c\u0438 \u0441\u043f\u043e\u0441\u043e\u0431\u0430\u043c\u0438.<\/li>\n<\/ol>\n<p>Die Ghostwriter -Preise variieren stark. Einige Autoren berechnen eine Pauschalgeb\u00fchr plus Raten, andere berechnen nach Kapitel oder nach Abschluss des ersten Entwurfs.Die besten Ghostwriters haben hohe Preise f\u00fcr ihre Dienste, da <a href=\"https:\/\/premiumghostwriter.de\/preise\/\">ghostwriter preise<\/a> sie eine Erfolgsgeschichte haben, wenn sie unter ihren eigenen Namen angesehene B\u00fccher erfassen. Diese Ghostwriter arbeiten normalerweise mit Autoren zusammen, die bereits traditionelle Ver\u00f6ffentlichungsgesch\u00e4fte haben.<\/p>\n<p>Kaufen Sie Spezialarbeiten beinhalten die Beschaffung und Beschaffung von Vorr\u00e4ten, Materialien und anderen Artikeln, die vom Unternehmen ben\u00f6tigt werden. Diese Arbeitnehmer sind daf\u00fcr verantwortlich, <a href=\"https:\/\/arbeitschreibenlassen.com\/facharbeit-schreiben-lassen\/\">facharbeit kaufen<\/a> dass die richtigen Waren zum richtigen Zeitpunkt und zum richtigen Preis verf\u00fcgbar sind, nachdem strenge Budgets und die genauen Aufzeichnungen aufbewahrt werden k\u00f6nnen.<\/p>\n","protected":false},"excerpt":{"rendered":"<p>Als ein Ghostwriter (Ewan McGregor) die Fertigstellung der Memoiren eines besch\u00e4mten ehemaligen britischen [&hellip;]<\/p>\n","protected":false},"author":1,"featured_media":0,"parent":0,"menu_order":0,"comment_status":"closed","ping_status":"closed","template":"","meta":{"footnotes":""},"class_list":["post-3458","page","type-page","status-publish","hentry"],"yoast_head":"<!-- This site is optimized with the Yoast SEO plugin v24.9 - https:\/\/yoast.com\/wordpress\/plugins\/seo\/ -->\n<title>\u041f\u043e\u043b\u044c\u0437\u043e\u0432\u0430\u0442\u0435\u043b\u044c\u0441\u043a\u043e\u0435 \u0441\u043e\u0433\u043b\u0430\u0448\u0435\u043d\u0438\u0435 - Goodlike<\/title>\n<meta name=\"robots\" content=\"noindex, follow\" \/>\n<meta property=\"og:locale\" content=\"ru_RU\" \/>\n<meta property=\"og:type\" content=\"article\" \/>\n<meta property=\"og:title\" content=\"\u041f\u043e\u043b\u044c\u0437\u043e\u0432\u0430\u0442\u0435\u043b\u044c\u0441\u043a\u043e\u0435 \u0441\u043e\u0433\u043b\u0430\u0448\u0435\u043d\u0438\u0435 - Goodlike\" \/>\n<meta property=\"og:description\" content=\"Als ein Ghostwriter (Ewan McGregor) die Fertigstellung der Memoiren eines besch\u00e4mten ehemaligen britischen [&hellip;]\" \/>\n<meta property=\"og:url\" content=\"https:\/\/goodlike.org\/index.php\/soglashenie-na-obrabotku-personalnyh-dannyh\" \/>\n<meta property=\"og:site_name\" content=\"Goodlike\" \/>\n<meta property=\"article:modified_time\" content=\"2023-05-16T23:45:12+00:00\" \/>\n<meta name=\"twitter:card\" content=\"summary_large_image\" \/>\n<meta name=\"twitter:label1\" content=\"\u041f\u0440\u0438\u043c\u0435\u0440\u043d\u043e\u0435 \u0432\u0440\u0435\u043c\u044f \u0434\u043b\u044f \u0447\u0442\u0435\u043d\u0438\u044f\" \/>\n\t<meta name=\"twitter:data1\" content=\"1 \u043c\u0438\u043d\u0443\u0442\u0430\" \/>\n<script type=\"application\/ld+json\" class=\"yoast-schema-graph\">{\"@context\":\"https:\/\/schema.org\",\"@graph\":[{\"@type\":\"WebPage\",\"@id\":\"https:\/\/goodlike.org\/index.php\/soglashenie-na-obrabotku-personalnyh-dannyh\",\"url\":\"https:\/\/goodlike.org\/index.php\/soglashenie-na-obrabotku-personalnyh-dannyh\",\"name\":\"\u041f\u043e\u043b\u044c\u0437\u043e\u0432\u0430\u0442\u0435\u043b\u044c\u0441\u043a\u043e\u0435 \u0441\u043e\u0433\u043b\u0430\u0448\u0435\u043d\u0438\u0435 - Goodlike\",\"isPartOf\":{\"@id\":\"https:\/\/goodlike.org\/#website\"},\"datePublished\":\"2017-06-22T01:02:54+00:00\",\"dateModified\":\"2023-05-16T23:45:12+00:00\",\"breadcrumb\":{\"@id\":\"https:\/\/goodlike.org\/index.php\/soglashenie-na-obrabotku-personalnyh-dannyh#breadcrumb\"},\"inLanguage\":\"ru-RU\",\"potentialAction\":[{\"@type\":\"ReadAction\",\"target\":[\"https:\/\/goodlike.org\/index.php\/soglashenie-na-obrabotku-personalnyh-dannyh\"]}]},{\"@type\":\"BreadcrumbList\",\"@id\":\"https:\/\/goodlike.org\/index.php\/soglashenie-na-obrabotku-personalnyh-dannyh#breadcrumb\",\"itemListElement\":[{\"@type\":\"ListItem\",\"position\":1,\"name\":\"\u0413\u043b\u0430\u0432\u043d\u0430\u044f \u0441\u0442\u0440\u0430\u043d\u0438\u0446\u0430\",\"item\":\"https:\/\/goodlike.org\/\"},{\"@type\":\"ListItem\",\"position\":2,\"name\":\"\u041f\u043e\u043b\u044c\u0437\u043e\u0432\u0430\u0442\u0435\u043b\u044c\u0441\u043a\u043e\u0435 \u0441\u043e\u0433\u043b\u0430\u0448\u0435\u043d\u0438\u0435\"}]},{\"@type\":\"WebSite\",\"@id\":\"https:\/\/goodlike.org\/#website\",\"url\":\"https:\/\/goodlike.org\/\",\"name\":\"Goodlike\",\"description\":\"\u0412\u0441\u0451 \u043e \u0441\u0442\u0440\u043e\u0438\u0442\u0435\u043b\u044c\u0441\u0442\u0432\u0435, \u0440\u0435\u043c\u043e\u043d\u0442\u0435 \u0438 \u0434\u0438\u0437\u0430\u0439\u043d\u0435 \u0438\u043d\u0442\u0435\u0440\u044c\u0435\u0440\u043e\u0432\",\"potentialAction\":[{\"@type\":\"SearchAction\",\"target\":{\"@type\":\"EntryPoint\",\"urlTemplate\":\"https:\/\/goodlike.org\/?s={search_term_string}\"},\"query-input\":{\"@type\":\"PropertyValueSpecification\",\"valueRequired\":true,\"valueName\":\"search_term_string\"}}],\"inLanguage\":\"ru-RU\"}]}<\/script>\n<!-- \/ Yoast SEO plugin. -->","yoast_head_json":{"title":"\u041f\u043e\u043b\u044c\u0437\u043e\u0432\u0430\u0442\u0435\u043b\u044c\u0441\u043a\u043e\u0435 \u0441\u043e\u0433\u043b\u0430\u0448\u0435\u043d\u0438\u0435 - Goodlike","robots":{"index":"noindex","follow":"follow"},"og_locale":"ru_RU","og_type":"article","og_title":"\u041f\u043e\u043b\u044c\u0437\u043e\u0432\u0430\u0442\u0435\u043b\u044c\u0441\u043a\u043e\u0435 \u0441\u043e\u0433\u043b\u0430\u0448\u0435\u043d\u0438\u0435 - Goodlike","og_description":"Als ein Ghostwriter (Ewan McGregor) die Fertigstellung der Memoiren eines besch\u00e4mten ehemaligen britischen [&hellip;]","og_url":"https:\/\/goodlike.org\/index.php\/soglashenie-na-obrabotku-personalnyh-dannyh","og_site_name":"Goodlike","article_modified_time":"2023-05-16T23:45:12+00:00","twitter_card":"summary_large_image","twitter_misc":{"\u041f\u0440\u0438\u043c\u0435\u0440\u043d\u043e\u0435 \u0432\u0440\u0435\u043c\u044f \u0434\u043b\u044f \u0447\u0442\u0435\u043d\u0438\u044f":"1 \u043c\u0438\u043d\u0443\u0442\u0430"},"schema":{"@context":"https:\/\/schema.org","@graph":[{"@type":"WebPage","@id":"https:\/\/goodlike.org\/index.php\/soglashenie-na-obrabotku-personalnyh-dannyh","url":"https:\/\/goodlike.org\/index.php\/soglashenie-na-obrabotku-personalnyh-dannyh","name":"\u041f\u043e\u043b\u044c\u0437\u043e\u0432\u0430\u0442\u0435\u043b\u044c\u0441\u043a\u043e\u0435 \u0441\u043e\u0433\u043b\u0430\u0448\u0435\u043d\u0438\u0435 - Goodlike","isPartOf":{"@id":"https:\/\/goodlike.org\/#website"},"datePublished":"2017-06-22T01:02:54+00:00","dateModified":"2023-05-16T23:45:12+00:00","breadcrumb":{"@id":"https:\/\/goodlike.org\/index.php\/soglashenie-na-obrabotku-personalnyh-dannyh#breadcrumb"},"inLanguage":"ru-RU","potentialAction":[{"@type":"ReadAction","target":["https:\/\/goodlike.org\/index.php\/soglashenie-na-obrabotku-personalnyh-dannyh"]}]},{"@type":"BreadcrumbList","@id":"https:\/\/goodlike.org\/index.php\/soglashenie-na-obrabotku-personalnyh-dannyh#breadcrumb","itemListElement":[{"@type":"ListItem","position":1,"name":"\u0413\u043b\u0430\u0432\u043d\u0430\u044f \u0441\u0442\u0440\u0430\u043d\u0438\u0446\u0430","item":"https:\/\/goodlike.org\/"},{"@type":"ListItem","position":2,"name":"\u041f\u043e\u043b\u044c\u0437\u043e\u0432\u0430\u0442\u0435\u043b\u044c\u0441\u043a\u043e\u0435 \u0441\u043e\u0433\u043b\u0430\u0448\u0435\u043d\u0438\u0435"}]},{"@type":"WebSite","@id":"https:\/\/goodlike.org\/#website","url":"https:\/\/goodlike.org\/","name":"Goodlike","description":"\u0412\u0441\u0451 \u043e \u0441\u0442\u0440\u043e\u0438\u0442\u0435\u043b\u044c\u0441\u0442\u0432\u0435, \u0440\u0435\u043c\u043e\u043d\u0442\u0435 \u0438 \u0434\u0438\u0437\u0430\u0439\u043d\u0435 \u0438\u043d\u0442\u0435\u0440\u044c\u0435\u0440\u043e\u0432","potentialAction":[{"@type":"SearchAction","target":{"@type":"EntryPoint","urlTemplate":"https:\/\/goodlike.org\/?s={search_term_string}"},"query-input":{"@type":"PropertyValueSpecification","valueRequired":true,"valueName":"search_term_string"}}],"inLanguage":"ru-RU"}]}},"_links":{"self":[{"href":"https:\/\/goodlike.org\/index.php\/wp-json\/wp\/v2\/pages\/3458","targetHints":{"allow":["GET"]}}],"collection":[{"href":"https:\/\/goodlike.org\/index.php\/wp-json\/wp\/v2\/pages"}],"about":[{"href":"https:\/\/goodlike.org\/index.php\/wp-json\/wp\/v2\/types\/page"}],"author":[{"embeddable":true,"href":"https:\/\/goodlike.org\/index.php\/wp-json\/wp\/v2\/users\/1"}],"replies":[{"embeddable":true,"href":"https:\/\/goodlike.org\/index.php\/wp-json\/wp\/v2\/comments?post=3458"}],"version-history":[{"count":0,"href":"https:\/\/goodlike.org\/index.php\/wp-json\/wp\/v2\/pages\/3458\/revisions"}],"wp:attachment":[{"href":"https:\/\/goodlike.org\/index.php\/wp-json\/wp\/v2\/media?parent=3458"}],"curies":[{"name":"wp","href":"https:\/\/api.w.org\/{rel}","templated":true}]}}